{"id":18,"date":"2024-09-06T19:49:40","date_gmt":"2024-09-06T17:49:40","guid":{"rendered":"https:\/\/www.docgoblin.com\/index.php\/home\/"},"modified":"2025-07-21T22:05:09","modified_gmt":"2025-07-21T20:05:09","slug":"home","status":"publish","type":"page","link":"https:\/\/www.docgoblin.com\/fr\/","title":{"rendered":"Accueil"},"content":{"rendered":"<div class=\"wp-block-uagb-container uagb-block-fa303262 alignfull uagb-is-root-container\"><div class=\"uagb-container-inner-blocks-wrap\">\n<div class=\"wp-block-uagb-advanced-heading uagb-block-79955c36\"><div class=\"uagb-heading-text\">A super fast PDF search engine<\/div><\/div>\n\n\n\n<div class=\"wp-block-uagb-info-box uagb-block-0bca2e31 uagb-infobox__content-wrap  uagb-infobox-icon-above-title uagb-infobox-image-valign-top\"><div class=\"uagb-ifb-content\"><div class=\"uagb-ifb-title-wrap\"><h1 class=\"uagb-ifb-title\">Trouvez l'aiguille dans votre botte de foin<\/h1><\/div><p class=\"uagb-ifb-desc\">DocGoblin est une application de bureau gratuite qui vous permet de rechercher efficacement dans vos documents. Gr\u00e2ce \u00e0 son moteur de recherche performant, elle r\u00e9pondra \u00e0 vos requ\u00eates avec rapidit\u00e9 et pr\u00e9cision.<\/p><div class=\"uagb-ifb-button-wrapper wp-block-button\"><a href=\"\/fr\/downloads\/\" class=\"uagb-infobox-cta-link wp-block-button__link\" target=\"_self\" rel=\"noopener noreferrer\" onclick=\"return true;\"><span class=\"uagb-inline-editing\">T\u00e9l\u00e9charger DocGoblin<\/span><\/a><\/div><\/div><\/div>\n<\/div><\/div>\n\n\n\n<div class=\"wp-block-uagb-container uagb-block-f6636f6c alignfull uagb-is-root-container\"><div class=\"uagb-container-inner-blocks-wrap\">\n<div style=\"text-align: center;\">\n            <canvas id=\"videoCanvas\" width=\"1080\" height=\"630\" style=\"background: #000; display: block; margin: 20px auto;box-shadow: 0 0 9.697px 0 rgba(0, 0, 0, 0.16);\"><\/canvas>\n            <video id=\"sourceVideo\" width=\"1080\" height=\"630\" style=\"display:none;\" loop muted autoplay>\n            <source src=\"https:\/\/www.docgoblin.com\/wp-content\/uploads\/2025\/07\/2025-07-20-13-31-52.webm\" type=\"video\/webm\">\n            Votre navigateur ne supporte pas la vid\u00e9o HTML5.\n            <\/video>\n            <script>\n            const video = document.getElementById('sourceVideo');\n            const canvas = document.getElementById('videoCanvas');\n            const ctx = canvas.getContext('2d');\n\n            function drawFrame() {\n            if (!video.paused && !video.ended) {\n                ctx.drawImage(video, 0, 0, canvas.width, canvas.height);\n                requestAnimationFrame(drawFrame);\n            }\n            }\n\n            video.addEventListener('play', drawFrame, false);\n\n            \/\/ Ensure video is muted, looping, and starts automatically\n            video.muted = true;\n            video.loop = true;\n            video.autoplay = true;\n            video.play();\n            <\/script>\n        <\/div>\n<\/div><\/div>\n\n\n\n<div class=\"wp-block-uagb-container uagb-block-f0d8dae7 alignfull uagb-is-root-container\"><div class=\"uagb-container-inner-blocks-wrap\">\n<div class=\"wp-block-uagb-container uagb-block-39f2abd6\">\n<div class=\"wp-block-uagb-container uagb-block-53b33c66\">\n<div class=\"wp-block-uagb-image alignleft uagb-block-08aca470 wp-block-uagb-image--layout-default wp-block-uagb-image--effect-static wp-block-uagb-image--align-left\"><figure class=\"wp-block-uagb-image__figure\"><img decoding=\"async\" srcset=\"https:\/\/www.docgoblin.com\/wp-content\/uploads\/2024\/09\/Capture-decran-2024-09-22-195321.png ,https:\/\/www.docgoblin.com\/wp-content\/uploads\/2024\/09\/Capture-decran-2024-09-22-195321.png 780w, https:\/\/www.docgoblin.com\/wp-content\/uploads\/2024\/09\/Capture-decran-2024-09-22-195321.png 360w\" sizes=\"auto, (max-width: 480px) 150px\" src=\"https:\/\/www.docgoblin.com\/wp-content\/uploads\/2024\/09\/Capture-decran-2024-09-22-195321.png\" alt=\"\" class=\"uag-image-789\" width=\"570\" height=\"586\" title=\"Capture d\u2019\u00e9cran 2024-09-22 195321\" loading=\"lazy\" role=\"img\"\/><\/figure><\/div>\n<\/div>\n\n\n\n<div class=\"wp-block-uagb-container uagb-block-86be4c12\">\n<div class=\"wp-block-uagb-advanced-heading uagb-block-ad7a575b\"><h3 class=\"uagb-heading-text\">DocGoblin est un moteur de recherche pour documents con\u00e7u pour fonctionner sur votre ordinateur, un point c'est tout. Il est rapide et efficace et peut fonctionner sans connexion internet.<\/h3><p class=\"uagb-desc-text\">\u00c0 l'\u00e8re du tout en ligne et de l'intelligence artificielle, DocGoblin est l\u00e0 pour faire ce qu'il fait le mieux, rapidement et sans souci.<\/p><\/div>\n\n\n\n<div class=\"wp-block-uagb-info-box uagb-block-c4f4c653 uagb-infobox__content-wrap  uagb-infobox-icon-above-title uagb-infobox-image-valign-top\"><div class=\"uagb-ifb-content\"><div class=\"uagb-ifb-title-wrap\"><\/div><p class=\"uagb-ifb-desc\">DocGoblin fonctionne localement sur votre ordinateur. Il ne n\u00e9cessite pas d'acc\u00e8s \u00e0 l'internet ni d'outils d'intelligence artificielle. Il s'agit d'une simple application de bureau, comme celles que l'on trouvait autrefois sur les CD. Certes, il faut encore la t\u00e9l\u00e9charger, mais ce n'est pas comme si nous regrettions de ne plus recevoir de CD par la poste...<br><\/p><div class=\"uagb-ifb-button-wrapper wp-block-button\"><a href=\"\/fr\/tutorial\/\" class=\"uagb-infobox-cta-link wp-block-button__link\" target=\"_self\" rel=\"noopener noreferrer\" onclick=\"return true;\"><span class=\"uagb-inline-editing\">En apprendre plus<\/span><svg xmlns=\"https:\/\/www.w3.org\/2000\/svg\" viewbox=\"0 0 448 512\"><path d=\"M438.6 278.6l-160 160C272.4 444.9 264.2 448 256 448s-16.38-3.125-22.62-9.375c-12.5-12.5-12.5-32.75 0-45.25L338.8 288H32C14.33 288 .0016 273.7 .0016 256S14.33 224 32 224h306.8l-105.4-105.4c-12.5-12.5-12.5-32.75 0-45.25s32.75-12.5 45.25 0l160 160C451.1 245.9 451.1 266.1 438.6 278.6z\"><\/path><\/svg><\/a><\/div><\/div><\/div>\n<\/div>\n<\/div>\n\n\n\n<div class=\"wp-block-uagb-container uagb-block-18ea64f8\">\n<div class=\"wp-block-uagb-container uagb-block-a52c36c3\">\n<div class=\"wp-block-uagb-advanced-heading uagb-block-e3ca0117\"><div class=\"uagb-heading-text\">01<\/div><\/div>\n\n\n\n<div class=\"wp-block-uagb-advanced-heading uagb-block-59a5961e\"><h3 class=\"uagb-heading-text\">Explorez rapidement des milliers de documents<\/h3><p class=\"uagb-desc-text\">DocGoblin est optimis\u00e9 pour des recherches rapides, affichant les r\u00e9sultats presque instantan\u00e9ment. Fini le temps perdu \u00e0 ouvrir les documents un par un dans l'espoir de trouver celui que l'on veut.<\/p><\/div>\n<\/div>\n\n\n\n<div class=\"wp-block-uagb-container uagb-block-616f99d6\">\n<div class=\"wp-block-uagb-advanced-heading uagb-block-5da44f8a\"><div class=\"uagb-heading-text\">02<\/div><\/div>\n\n\n\n<div class=\"wp-block-uagb-advanced-heading uagb-block-5e9fe326\"><h3 class=\"uagb-heading-text\">Obtenir des r\u00e9sultats pr\u00e9cis avec des requ\u00eates pr\u00e9cises<\/h3><p class=\"uagb-desc-text\">Le moteur de recherche interne de DocGoblin vous permet d'\u00eatre cr\u00e9atif dans vos recherches : vous pouvez exclure des mots, effectuer des recherches floues ou m\u00eame utiliser Regex si vous vous sentez aventureux.<\/p><\/div>\n<\/div>\n\n\n\n<div class=\"wp-block-uagb-container uagb-block-8cb0283e\">\n<div class=\"wp-block-uagb-advanced-heading uagb-block-f510f0da\"><div class=\"uagb-heading-text\">03<\/div><\/div>\n\n\n\n<div class=\"wp-block-uagb-advanced-heading uagb-block-bbc8497f\"><h3 class=\"uagb-heading-text\">Travaillez hors ligne et restez propri\u00e9taire de vos donn\u00e9es<\/h3><p class=\"uagb-desc-text\">DocGoblin est un moteur de recherche que vous installez sur votre ordinateur. Il ne n\u00e9cessite pas d'acc\u00e8s \u00e0 Internet et vos donn\u00e9es et documents restent sur votre ordinateur. Pas d'outils sophistiqu\u00e9s d'intelligence artificielle non plus, DocGoblin utilise de bons vieux algorithmes.<\/p><\/div>\n<\/div>\n<\/div>\n<\/div><\/div>\n\n\n\n<div class=\"wp-block-uagb-container uagb-block-17cc7195 alignfull uagb-is-root-container\"><div class=\"uagb-container-inner-blocks-wrap\">\n<div class=\"wp-block-uagb-advanced-heading uagb-block-43be17bc\"><h2 class=\"uagb-heading-text\">Quelques avis d'utilisateurs tr\u00e8s r\u00e9els qui donnent une opinion tout \u00e0 fait objective de DocGoblin<\/h2><\/div>\n\n\n\n<div class=\"wp-block-uagb-container uagb-block-c087fbdf\">\n<div class=\"wp-block-uagb-container uagb-block-6daed4cb\">      \n\t\t\t<div class=\"uagb-icon-wrapper uagb-block-a1c44d3c  wp-block-uagb-icon--has-margin\"\n\t\t\tstyle=\"\" >\n\t\t\t\t\t\t\t\t<div class='uagb-icon-margin-wrapper'>\n\t\t\t\t\t\t\t\t\t<span class=\"uagb-svg-wrapper\" \n\t\t\t\t\t aria-label=\"citation-gauche\"\t\t\t\t\ttabindex=\"0\">\t\t\n\t\t\t\t\t\t\t\t\t\t<svg xmlns=\"https:\/\/www.w3.org\/2000\/svg\" viewbox= \"0 0 448 512\" role=\"graphics-symbol\" aria-hidden=\"false\" aria-label=\"\"><path d=\"M96 224C84.72 224 74.05 226.3 64 229.9V224c0-35.3 28.7-64 64-64c17.67 0 32-14.33 32-32S145.7 96 128 96C57.42 96 0 153.4 0 224v96c0 53.02 42.98 96 96 96s96-42.98 96-96S149 224 96 224zM352 224c-11.28 0-21.95 2.305-32 5.879V224c0-35.3 28.7-64 64-64c17.67 0 32-14.33 32-32s-14.33-32-32-32c-70.58 0-128 57.42-128 128v96c0 53.02 42.98 96 96 96s96-42.98 96-96S405 224 352 224z\"><\/path><\/svg>\n\t\t\t\t\t\t\t\t\t<\/span>\n\t\t\t\t\t\t\t\t<\/div>\n\t\t\t\t\t\t\t<\/div>\n\t\t\t\n\n\n<div class=\"wp-block-uagb-testimonial uagb-slick-carousel uagb-tm__arrow-outside uagb-block-256bd4a5 uagb-post__carousel_notset uagb-post__carousel_notset-tablet uagb-post__carousel_notset-mobile\"><div class=\"is-carousel uagb-tm__columns-1 uagb-tm__items\"><div class=\"uagb-testimonial__wrap  uagb-tm__imgicon-style-circle uagb-tm__image-position-bottom uagb-tm__bg-type-none\"><div class=\"uagb-tm__content\"><div class=\"uagb-tm__overlay\"><\/div><div class=\"uagb-tm__text-wrap\"><div class=\"uagb-tm__desc\">\u00ab Enfin ! Avec DocGoblin, je peux acc\u00e9der \u00e0 toutes les r\u00e8gles de mes 234 livres de D&amp;D par une simple recherche. J'ai essay\u00e9 de faire apprendre les r\u00e8gles \u00e0 mes joueurs, mais c'est plus rapide de tout faire moi-m\u00eame. Apr\u00e8s tout, ils n'utilisent le sort Boule de feu qu'une douzaine de fois par partie et ne se souviennent pas des d\u00e9g\u00e2ts qu'il inflige... \u00bb<\/div><div class=\"uagb-tm__meta-inner\"><div class=\"uagb-tm__image-content\"><div class=\"uagb-tm__image\"><img decoding=\"async\" class=\"uagb-tm-img-src\" src=\"https:\/\/multipurpose9.ziptemplates.top\/wp-content\/uploads\/2023\/08\/testimonial-skip-01.jpg\" alt=\"\" width=\"50\" height=\"50\" loading=\"lazy\"\/><\/div><\/div><div class=\"uagb-testimonial-details\"><span class=\"uagb-tm__author-name\">Axator le Sage<\/span><span class=\"uagb-tm__company\">Ma\u00eetre du donjon \u00e0 plein temps et nounou des joueurs<\/span><\/div><\/div><\/div><\/div><\/div><\/div><\/div>\n<\/div>\n\n\n\n<div class=\"wp-block-uagb-container uagb-block-99c1fd89\">      \n\t\t\t<div class=\"uagb-icon-wrapper uagb-block-1ef01400  wp-block-uagb-icon--has-margin\"\n\t\t\tstyle=\"\" >\n\t\t\t\t\t\t\t\t<div class='uagb-icon-margin-wrapper'>\n\t\t\t\t\t\t\t\t\t<span class=\"uagb-svg-wrapper\" \n\t\t\t\t\t aria-label=\"citation-gauche\"\t\t\t\t\ttabindex=\"0\">\t\t\n\t\t\t\t\t\t\t\t\t\t<svg xmlns=\"https:\/\/www.w3.org\/2000\/svg\" viewbox= \"0 0 448 512\" role=\"graphics-symbol\" aria-hidden=\"false\" aria-label=\"\"><path d=\"M96 224C84.72 224 74.05 226.3 64 229.9V224c0-35.3 28.7-64 64-64c17.67 0 32-14.33 32-32S145.7 96 128 96C57.42 96 0 153.4 0 224v96c0 53.02 42.98 96 96 96s96-42.98 96-96S149 224 96 224zM352 224c-11.28 0-21.95 2.305-32 5.879V224c0-35.3 28.7-64 64-64c17.67 0 32-14.33 32-32s-14.33-32-32-32c-70.58 0-128 57.42-128 128v96c0 53.02 42.98 96 96 96s96-42.98 96-96S405 224 352 224z\"><\/path><\/svg>\n\t\t\t\t\t\t\t\t\t<\/span>\n\t\t\t\t\t\t\t\t<\/div>\n\t\t\t\t\t\t\t<\/div>\n\t\t\t\n\n\n<div class=\"wp-block-uagb-testimonial uagb-slick-carousel uagb-tm__arrow-outside uagb-block-0c8bc3bf uagb-post__carousel_notset uagb-post__carousel_notset-tablet uagb-post__carousel_notset-mobile\"><div class=\"is-carousel uagb-tm__columns-1 uagb-tm__items\"><div class=\"uagb-testimonial__wrap  uagb-tm__imgicon-style-circle uagb-tm__image-position-bottom uagb-tm__bg-type-none\"><div class=\"uagb-tm__content\"><div class=\"uagb-tm__overlay\"><\/div><div class=\"uagb-tm__text-wrap\"><div class=\"uagb-tm__desc\">\u00ab C'est parfait. J'ai environ 1 632 documents sur mon ordinateur portable et je ne me souviens parfaitement que des deux tiers d'entre eux. Et gr\u00e2ce au temps que je gagne avec les recherches rapides, je peux dormir 32 minutes la nuit, ce qui double mon temps de sommeil !<br><\/div><div class=\"uagb-tm__meta-inner\"><div class=\"uagb-tm__image-content\"><div class=\"uagb-tm__image\"><img decoding=\"async\" class=\"uagb-tm-img-src\" src=\"https:\/\/multipurpose9.ziptemplates.top\/wp-content\/uploads\/2023\/08\/testimonial-skip-02.jpg\" alt=\"\" width=\"50\" height=\"50\" loading=\"lazy\"\/><\/div><\/div><div class=\"uagb-testimonial-details\"><span class=\"uagb-tm__author-name\">Jane<\/span><span class=\"uagb-tm__company\">Th\u00e9sarde surmen\u00e9e, chef cuisinier de fast-food \u00e0 temps partiel, accro au caf\u00e9<\/span><\/div><\/div><\/div><\/div><\/div><\/div><\/div>\n<\/div>\n<\/div>\n<\/div><\/div>\n\n\n\n<div class=\"wp-block-uagb-container uagb-block-71fea0c9 alignfull uagb-is-root-container\"><div class=\"uagb-container-inner-blocks-wrap\">\n<div class=\"wp-block-uagb-info-box uagb-block-844f8cf1 uagb-infobox__content-wrap  uagb-infobox-icon-above-title uagb-infobox-image-valign-top\"><div class=\"uagb-ifb-content\"><div class=\"uagb-ifb-title-wrap\"><h2 class=\"uagb-ifb-title\">Essayez DocGoblin - son t\u00e9l\u00e9chargement et son utilisation sont gratuits.<\/h2><\/div><p class=\"uagb-ifb-desc\">Avec la version gratuite de DocGoblin, vous obtenez l'application compl\u00e8te. Vous ne payez que si vous voulez cr\u00e9er plus de trois biblioth\u00e8ques et si vous voulez nous soutenir !<\/p><div class=\"uagb-ifb-button-wrapper wp-block-button\"><a href=\"\/fr\/downloads\/\" class=\"uagb-infobox-cta-link wp-block-button__link\" target=\"_self\" rel=\"noopener noreferrer\" onclick=\"return true;\"><span class=\"uagb-inline-editing\">T\u00e9l\u00e9charger DocGoblin<\/span><\/a><\/div><\/div><\/div>\n<\/div><\/div>\n\n\n\n<p>&nbsp;<\/p>","protected":false},"excerpt":{"rendered":"<p>A super fast PDF search engine Votre navigateur ne supporte pas la vid\u00e9o HTML5. DocGoblin is a document search engine [&hellip;]<\/p>\n","protected":false},"author":1,"featured_media":0,"parent":0,"menu_order":0,"comment_status":"closed","ping_status":"closed","template":"","meta":{"_uag_custom_page_level_css":"","site-sidebar-layout":"default","site-content-layout":"","ast-site-content-layout":"default","site-content-style":"default","site-sidebar-style":"default","ast-global-header-display":"","ast-banner-title-visibility":"","ast-main-header-display":"","ast-hfb-above-header-display":"","ast-hfb-below-header-display":"","ast-hfb-mobile-header-display":"","site-post-title":"disabled","ast-breadcrumbs-content":"","ast-featured-img":"","footer-sml-layout":"","ast-disable-related-posts":"","theme-transparent-header-meta":"enabled","adv-header-id-meta":"","stick-header-meta":"","header-above-stick-meta":"","header-main-stick-meta":"","header-below-stick-meta":"","astra-migrate-meta-layouts":"set","ast-page-background-enabled":"default","ast-page-background-meta":{"desktop":{"background-color":"var(--ast-global-color-4)","background-image":"","background-repeat":"repeat","background-position":"center center","background-size":"auto","background-attachment":"scroll","background-type":"","background-media":"","overlay-type":"","overlay-color":"","overlay-opacity":"","overlay-gradient":""},"tablet":{"background-color":"","background-image":"","background-repeat":"repeat","background-position":"center center","background-size":"auto","background-attachment":"scroll","background-type":"","background-media":"","overlay-type":"","overlay-color":"","overlay-opacity":"","overlay-gradient":""},"mobile":{"background-color":"","background-image":"","background-repeat":"repeat","background-position":"center center","background-size":"auto","background-attachment":"scroll","background-type":"","background-media":"","overlay-type":"","overlay-color":"","overlay-opacity":"","overlay-gradient":""}},"ast-content-background-meta":{"desktop":{"background-color":"var(--ast-global-color-5)","background-image":"","background-repeat":"repeat","background-position":"center center","background-size":"auto","background-attachment":"scroll","background-type":"","background-media":"","overlay-type":"","overlay-color":"","overlay-opacity":"","overlay-gradient":""},"tablet":{"background-color":"var(--ast-global-color-5)","background-image":"","background-repeat":"repeat","background-position":"center center","background-size":"auto","background-attachment":"scroll","background-type":"","background-media":"","overlay-type":"","overlay-color":"","overlay-opacity":"","overlay-gradient":""},"mobile":{"background-color":"var(--ast-global-color-5)","background-image":"","background-repeat":"repeat","background-position":"center center","background-size":"auto","background-attachment":"scroll","background-type":"","background-media":"","overlay-type":"","overlay-color":"","overlay-opacity":"","overlay-gradient":""}},"footnotes":""},"class_list":["post-18","page","type-page","status-publish","hentry"],"uagb_featured_image_src":{"full":false,"thumbnail":false,"medium":false,"medium_large":false,"large":false,"1536x1536":false,"2048x2048":false,"trp-custom-language-flag":false,"woocommerce_thumbnail":false,"woocommerce_single":false,"woocommerce_gallery_thumbnail":false},"uagb_author_info":{"display_name":"DevGoblin","author_link":"https:\/\/www.docgoblin.com\/fr\/author\/jtroudet_docgoblin\/"},"uagb_comment_info":0,"uagb_excerpt":"A super fast PDF search engine Votre navigateur ne supporte pas la vid\u00e9o HTML5. DocGoblin is a document search engine [&hellip;]","_links":{"self":[{"href":"https:\/\/www.docgoblin.com\/fr\/wp-json\/wp\/v2\/pages\/18","targetHints":{"allow":["GET"]}}],"collection":[{"href":"https:\/\/www.docgoblin.com\/fr\/wp-json\/wp\/v2\/pages"}],"about":[{"href":"https:\/\/www.docgoblin.com\/fr\/wp-json\/wp\/v2\/types\/page"}],"author":[{"embeddable":true,"href":"https:\/\/www.docgoblin.com\/fr\/wp-json\/wp\/v2\/users\/1"}],"replies":[{"embeddable":true,"href":"https:\/\/www.docgoblin.com\/fr\/wp-json\/wp\/v2\/comments?post=18"}],"version-history":[{"count":56,"href":"https:\/\/www.docgoblin.com\/fr\/wp-json\/wp\/v2\/pages\/18\/revisions"}],"predecessor-version":[{"id":927,"href":"https:\/\/www.docgoblin.com\/fr\/wp-json\/wp\/v2\/pages\/18\/revisions\/927"}],"wp:attachment":[{"href":"https:\/\/www.docgoblin.com\/fr\/wp-json\/wp\/v2\/media?parent=18"}],"curies":[{"name":"wp","href":"https:\/\/api.w.org\/{rel}","templated":true}]}}