{"id":20,"date":"2024-09-06T19:49:41","date_gmt":"2024-09-06T17:49:41","guid":{"rendered":"https:\/\/www.docgoblin.com\/index.php\/about\/"},"modified":"2024-09-22T20:03:33","modified_gmt":"2024-09-22T18:03:33","slug":"documentation","status":"publish","type":"page","link":"https:\/\/www.docgoblin.com\/fr\/documentation\/","title":{"rendered":"Documentation"},"content":{"rendered":"<div class=\"wp-block-uagb-container uagb-block-fa2f1646 alignfull uagb-is-root-container\">\r\n<div class=\"uagb-container-inner-blocks-wrap\">\r\n<div class=\"wp-block-uagb-advanced-heading uagb-block-d7c7726a\">\r\n<h1 class=\"uagb-heading-text\">Comment utiliser DocGoblin ?<\/h1>\r\n<\/div>\r\n<\/div>\r\n<\/div>\r\n\r\n\r\n\r\n<div class=\"wp-block-uagb-container uagb-block-ca40852c alignfull uagb-is-root-container\">\r\n<div class=\"uagb-container-inner-blocks-wrap\">\r\n<div class=\"wp-block-uagb-container uagb-block-75ddc3fc\">\r\n<div class=\"wp-block-uagb-call-to-action uagb-block-bab63c31\">\r\n<div class=\"uagb-cta__wrap\">\r\n<h3 class=\"uagb-cta__title\">Installation<\/h3>\r\n<p class=\"uagb-cta__desc\">Obtenez les instructions d'installation pour tous les syst\u00e8mes d'exploitation pris en charge par DocGoblin.<\/p>\r\n<\/div>\r\n<div class=\"uagb-cta__buttons\">\u00a0<\/div>\r\n<\/div>\r\n<\/div>\r\n\r\n\r\n\r\n<div class=\"wp-block-uagb-container uagb-block-a1daf3cb\">\r\n<div class=\"wp-block-uagb-call-to-action uagb-block-98b199cd\">\r\n<div class=\"uagb-cta__wrap\">\r\n<h3 class=\"uagb-cta__title\">Premiers pas<\/h3>\r\n<p class=\"uagb-cta__desc\">Commencez ici si vous voulez apprendre les bases de la recherche avec DocGoblin.<\/p>\r\n<\/div>\r\n<div class=\"uagb-cta__buttons\">\u00a0<\/div>\r\n<\/div>\r\n<\/div>\r\n\r\n\r\n\r\n<div class=\"wp-block-uagb-container uagb-block-742db072\">\r\n<div class=\"wp-block-uagb-call-to-action uagb-block-87243a5e\">\r\n<div class=\"uagb-cta__wrap\">\r\n<h3 class=\"uagb-cta__title\">Recherche avanc\u00e9e<\/h3>\r\n<p class=\"uagb-cta__desc\">Les utilisateurs plus exp\u00e9riment\u00e9s peuvent utiliser les fonctions avanc\u00e9es de DocGoblin pour tirer le meilleur parti de leurs recherches.<\/p>\r\n<\/div>\r\n<div class=\"uagb-cta__buttons\">\u00a0<\/div>\r\n<\/div>\r\n<\/div>\r\n\r\n\r\n\r\n<div class=\"wp-block-uagb-container uagb-block-1f8b322d\">\r\n<div class=\"wp-block-uagb-call-to-action uagb-block-e858eedc\">\r\n<div class=\"uagb-cta__wrap\">\r\n<h3 class=\"uagb-cta__title\">Recherche avec des regex<\/h3>\r\n<p class=\"uagb-cta__desc\">Le boss final de DocGoblin. Les Regex sont un outil effrayant mais tr\u00e8s puissant. Les bases des Regex sont expliqu\u00e9es ici.<\/p>\r\n<\/div>\r\n<\/div>\r\n<\/div>\r\n<\/div>\r\n<\/div>\r\n\r\n\r\n\r\n<div class=\"wp-block-uagb-container uagb-block-f0d8dae7 alignfull uagb-is-root-container\">\r\n<div class=\"uagb-container-inner-blocks-wrap\"><\/div>\r\n<\/div>","protected":false},"excerpt":{"rendered":"<p>Comment utiliser DocGoblin ?<\/p>","protected":false},"author":1,"featured_media":0,"parent":0,"menu_order":0,"comment_status":"closed","ping_status":"closed","template":"","meta":{"_uag_custom_page_level_css":"","site-sidebar-layout":"default","site-content-layout":"","ast-site-content-layout":"default","site-content-style":"default","site-sidebar-style":"default","ast-global-header-display":"","ast-banner-title-visibility":"","ast-main-header-display":"","ast-hfb-above-header-display":"","ast-hfb-below-header-display":"","ast-hfb-mobile-header-display":"","site-post-title":"disabled","ast-breadcrumbs-content":"","ast-featured-img":"","footer-sml-layout":"","ast-disable-related-posts":"","theme-transparent-header-meta":"enabled","adv-header-id-meta":"","stick-header-meta":"","header-above-stick-meta":"","header-main-stick-meta":"","header-below-stick-meta":"","astra-migrate-meta-layouts":"set","ast-page-background-enabled":"default","ast-page-background-meta":{"desktop":{"background-color":"var(--ast-global-color-4)","background-image":"","background-repeat":"repeat","background-position":"center center","background-size":"auto","background-attachment":"scroll","background-type":"","background-media":"","overlay-type":"","overlay-color":"","overlay-opacity":"","overlay-gradient":""},"tablet":{"background-color":"","background-image":"","background-repeat":"repeat","background-position":"center center","background-size":"auto","background-attachment":"scroll","background-type":"","background-media":"","overlay-type":"","overlay-color":"","overlay-opacity":"","overlay-gradient":""},"mobile":{"background-color":"","background-image":"","background-repeat":"repeat","background-position":"center center","background-size":"auto","background-attachment":"scroll","background-type":"","background-media":"","overlay-type":"","overlay-color":"","overlay-opacity":"","overlay-gradient":""}},"ast-content-background-meta":{"desktop":{"background-color":"var(--ast-global-color-5)","background-image":"","background-repeat":"repeat","background-position":"center center","background-size":"auto","background-attachment":"scroll","background-type":"","background-media":"","overlay-type":"","overlay-color":"","overlay-opacity":"","overlay-gradient":""},"tablet":{"background-color":"var(--ast-global-color-5)","background-image":"","background-repeat":"repeat","background-position":"center center","background-size":"auto","background-attachment":"scroll","background-type":"","background-media":"","overlay-type":"","overlay-color":"","overlay-opacity":"","overlay-gradient":""},"mobile":{"background-color":"var(--ast-global-color-5)","background-image":"","background-repeat":"repeat","background-position":"center center","background-size":"auto","background-attachment":"scroll","background-type":"","background-media":"","overlay-type":"","overlay-color":"","overlay-opacity":"","overlay-gradient":""}},"footnotes":""},"class_list":["post-20","page","type-page","status-publish","hentry"],"uagb_featured_image_src":{"full":false,"thumbnail":false,"medium":false,"medium_large":false,"large":false,"1536x1536":false,"2048x2048":false,"trp-custom-language-flag":false,"woocommerce_thumbnail":false,"woocommerce_single":false,"woocommerce_gallery_thumbnail":false},"uagb_author_info":{"display_name":"DevGoblin","author_link":"https:\/\/www.docgoblin.com\/fr\/author\/jtroudet_docgoblin\/"},"uagb_comment_info":0,"uagb_excerpt":"How to use DocGoblin?","_links":{"self":[{"href":"https:\/\/www.docgoblin.com\/fr\/wp-json\/wp\/v2\/pages\/20","targetHints":{"allow":["GET"]}}],"collection":[{"href":"https:\/\/www.docgoblin.com\/fr\/wp-json\/wp\/v2\/pages"}],"about":[{"href":"https:\/\/www.docgoblin.com\/fr\/wp-json\/wp\/v2\/types\/page"}],"author":[{"embeddable":true,"href":"https:\/\/www.docgoblin.com\/fr\/wp-json\/wp\/v2\/users\/1"}],"replies":[{"embeddable":true,"href":"https:\/\/www.docgoblin.com\/fr\/wp-json\/wp\/v2\/comments?post=20"}],"version-history":[{"count":14,"href":"https:\/\/www.docgoblin.com\/fr\/wp-json\/wp\/v2\/pages\/20\/revisions"}],"predecessor-version":[{"id":729,"href":"https:\/\/www.docgoblin.com\/fr\/wp-json\/wp\/v2\/pages\/20\/revisions\/729"}],"wp:attachment":[{"href":"https:\/\/www.docgoblin.com\/fr\/wp-json\/wp\/v2\/media?parent=20"}],"curies":[{"name":"wp","href":"https:\/\/api.w.org\/{rel}","templated":true}]}}