{"id":628,"date":"2024-09-14T16:13:39","date_gmt":"2024-09-14T14:13:39","guid":{"rendered":"https:\/\/www.docgoblin.com\/?page_id=628"},"modified":"2024-09-14T16:13:39","modified_gmt":"2024-09-14T14:13:39","slug":"privacy-policy","status":"publish","type":"page","link":"https:\/\/www.docgoblin.com\/fr\/privacy-policy\/","title":{"rendered":"Politique de confidentialit\u00e9"},"content":{"rendered":"<h1 class=\"wp-block-heading\">Politique de confidentialit\u00e9 de DocGoblin<\/h1>\n\n\n\n<p>Derni\u00e8re mise \u00e0 jour : 2024-09-14<\/p>\n\n\n\n<h2 class=\"wp-block-heading\">1. Introduction<\/h2>\n\n\n\n<p>Chez DocGoblin ( \u00bb nous \u201c, \u201d notre \u201c ou \u201d nos \u201c), nous nous engageons \u00e0 sauvegarder et \u00e0 pr\u00e9server la vie priv\u00e9e de nos utilisateurs (\u201d vous \u201c, \u201d votre \u00bb). La pr\u00e9sente politique de confidentialit\u00e9 explique comment nous recueillons, utilisons, divulguons et prot\u00e9geons vos informations lorsque vous visitez notre site web, www.docgoblin.com (\u00ab le site web \u00bb), conform\u00e9ment aux r\u00e9glementations applicables en mati\u00e8re de protection des donn\u00e9es, en particulier le R\u00e8glement g\u00e9n\u00e9ral sur la protection des donn\u00e9es (RGPD) et la loi Informatique et Libert\u00e9s (LIL).<\/p>\n\n\n\n<p>Veuillez lire attentivement cette politique pour comprendre nos pratiques concernant vos donn\u00e9es personnelles et la mani\u00e8re dont nous les traiterons.<\/p>\n\n\n\n<h2 class=\"wp-block-heading\">2. Les informations que nous collectons<\/h2>\n\n\n\n<p>Nous recueillons plusieurs types d'informations aupr\u00e8s des utilisateurs de notre site web et \u00e0 leur sujet, notamment :<\/p>\n\n\n\n<h3 class=\"wp-block-heading\">a. Donn\u00e9es \u00e0 caract\u00e8re personnel<\/h3>\n\n\n\n<p>Lors de l'utilisation de notre site web, nous pouvons vous demander de nous fournir certaines informations personnellement identifiables, telles que :<\/p>\n\n\n\n<ul class=\"wp-block-list\">\n<li>Nom et Pr\u00e9nom<\/li>\n\n\n\n<li>Adresse e-mail<\/li>\n\n\n\n<li>Adresse de facturation<\/li>\n\n\n\n<li>Num\u00e9ro de t\u00e9l\u00e9phone<\/li>\n\n\n\n<li>Informations de paiement<\/li>\n<\/ul>\n\n\n\n<h3 class=\"wp-block-heading\">b. Donn\u00e9es techniques<\/h3>\n\n\n\n<p>Nous recueillons \u00e9galement des donn\u00e9es sur votre appareil et sur la mani\u00e8re dont vous acc\u00e9dez \u00e0 notre site web et interagissez avec lui. Ces donn\u00e9es comprennent :<\/p>\n\n\n\n<ul class=\"wp-block-list\">\n<li>Adresse IP<\/li>\n\n\n\n<li>Type de navigateur<\/li>\n\n\n\n<li>Syst\u00e8me d'exploitation<\/li>\n\n\n\n<li>Identifiants des appareils<\/li>\n\n\n\n<li>R\u00e9glage du fuseau horaire et de la langue<\/li>\n<\/ul>\n\n\n\n<h3 class=\"wp-block-heading\">c. Cookies et donn\u00e9es d'utilisation<\/h3>\n\n\n\n<p>Nous pouvons utiliser des cookies et des technologies de suivi similaires pour suivre votre activit\u00e9 sur notre site web. Les cookies sont de petits fichiers plac\u00e9s sur votre appareil qui nous permettent d'am\u00e9liorer votre exp\u00e9rience sur notre site web. Pour plus d'informations sur la mani\u00e8re dont nous utilisons les cookies, veuillez consulter notre Politique en mati\u00e8re de cookies.<\/p>\n\n\n\n<h2 class=\"wp-block-heading\">3. Comment nous utilisons vos donn\u00e9es<\/h2>\n\n\n\n<p>Nous utilisons les informations que nous recueillons \u00e0 plusieurs fins :<\/p>\n\n\n\n<ul class=\"wp-block-list\">\n<li>Fournir et entretenir notre service<\/li>\n\n\n\n<li>Pour traiter les transactions, y compris les achats de cl\u00e9s de licence<\/li>\n\n\n\n<li>G\u00e9rer les comptes d'utilisateurs et fournir une assistance client<\/li>\n\n\n\n<li>Pour vous informer des modifications apport\u00e9es \u00e0 notre site web et \u00e0 nos services<\/li>\n\n\n\n<li>Contr\u00f4ler et analyser les performances et l'utilisation du site web<\/li>\n\n\n\n<li>Pour respecter les obligations l\u00e9gales et faire respecter nos conditions d'utilisation<\/li>\n<\/ul>\n\n\n\n<h3 class=\"wp-block-heading\">Base l\u00e9gale du traitement<\/h3>\n\n\n\n<p>Nous traitons les donn\u00e9es \u00e0 caract\u00e8re personnel conform\u00e9ment au GDPR, sur la base d'une ou de plusieurs des bases juridiques suivantes :<\/p>\n\n\n\n<ul class=\"wp-block-list\">\n<li><strong>Ex\u00e9cution d'un contrat<\/strong>: Le traitement est n\u00e9cessaire pour remplir nos obligations contractuelles (par exemple, la livraison des cl\u00e9s de licence).<\/li>\n\n\n\n<li><strong>Consentement<\/strong>: Lorsque cela est possible, nous nous appuyons sur votre consentement pour le traitement (par exemple, l'inscription \u00e0 un bulletin d'information).<\/li>\n\n\n\n<li><strong>Obligations l\u00e9gales<\/strong>: Nous pouvons traiter vos donn\u00e9es \u00e0 caract\u00e8re personnel lorsque cela est n\u00e9cessaire pour se conformer \u00e0 des obligations l\u00e9gales.<\/li>\n\n\n\n<li><strong>Int\u00e9r\u00eats l\u00e9gitimes<\/strong>: Nous traitons les donn\u00e9es pour am\u00e9liorer nos services et assurer la s\u00e9curit\u00e9 du site web, \u00e0 condition que vos int\u00e9r\u00eats ne l'emportent pas sur nos motifs l\u00e9gitimes.<\/li>\n<\/ul>\n\n\n\n<h2 class=\"wp-block-heading\">4. Partage et divulgation des donn\u00e9es<\/h2>\n\n\n\n<p>Nous pouvons partager vos informations avec des tiers dans certaines circonstances, notamment :<\/p>\n\n\n\n<ul class=\"wp-block-list\">\n<li>Prestataires de services : Nous pouvons partager vos informations avec des prestataires de services tiers qui nous aident \u00e0 exploiter notre site web, \u00e0 mener nos activit\u00e9s ou \u00e0 vous fournir des services (par exemple, des processeurs de paiement).<\/li>\n\n\n\n<li>Respect de la loi : Nous pouvons divulguer vos donn\u00e9es si la loi l'exige ou en r\u00e9ponse \u00e0 des demandes valables \u00e9manant d'autorit\u00e9s publiques (par exemple, des tribunaux ou des agences gouvernementales).<\/li>\n\n\n\n<li>Transferts d'entreprise : En cas de fusion, de vente ou de r\u00e9organisation, vos informations peuvent \u00eatre transf\u00e9r\u00e9es dans le cadre de la transaction commerciale.<\/li>\n<\/ul>\n\n\n\n<h2 class=\"wp-block-heading\">5. Transferts internationaux de donn\u00e9es<\/h2>\n\n\n\n<p>Vos informations peuvent \u00eatre transf\u00e9r\u00e9es et trait\u00e9es dans des pays autres que la France, y compris des pays qui peuvent ne pas offrir le m\u00eame niveau de protection des donn\u00e9es que votre pays d'origine. Nous prenons des mesures pour nous assurer que les transferts internationaux sont conformes aux exigences l\u00e9gales applicables, notamment en mettant en \u0153uvre les Clauses Contractuelles Types approuv\u00e9es par la Commission europ\u00e9enne ou en nous appuyant sur d'autres m\u00e9canismes qui assurent une protection ad\u00e9quate de vos donn\u00e9es.<\/p>\n\n\n\n<h2 class=\"wp-block-heading\">6. Conservation des donn\u00e9es<\/h2>\n\n\n\n<p>Nous ne conservons vos donn\u00e9es \u00e0 caract\u00e8re personnel que pendant la dur\u00e9e n\u00e9cessaire aux fins \u00e9nonc\u00e9es dans la pr\u00e9sente politique de protection de la vie priv\u00e9e. Cela signifie que vos donn\u00e9es seront conserv\u00e9es aussi longtemps que nous aurons une relation suivie avec vous ou que nous devrons nous conformer \u00e0 des obligations l\u00e9gales. Lorsque vos donn\u00e9es ne sont plus n\u00e9cessaires, nous les supprimons ou les rendons anonymes en toute s\u00e9curit\u00e9.<\/p>\n\n\n\n<h2 class=\"wp-block-heading\">7. Vos droits en vertu de la RGPD<\/h2>\n\n\n\n<p>En tant que personne concern\u00e9e par les donn\u00e9es en vertu de la RGPD, vous disposez des droits suivants concernant vos donn\u00e9es \u00e0 caract\u00e8re personnel :<\/p>\n\n\n\n<ul class=\"wp-block-list\">\n<li><strong>Droit d'acc\u00e8s<\/strong>: Vous pouvez demander l'acc\u00e8s aux donn\u00e9es personnelles que nous d\u00e9tenons \u00e0 votre sujet.<\/li>\n\n\n\n<li><strong>Droit de rectification<\/strong>: Vous pouvez nous demander de corriger toute donn\u00e9e inexacte ou incompl\u00e8te.<\/li>\n\n\n\n<li><strong>Droit \u00e0 l'effacement (\u00ab droit \u00e0 l'oubli \u00bb)<\/strong>: Vous pouvez demander la suppression de vos donn\u00e9es personnelles sous certaines conditions.<\/li>\n\n\n\n<li><strong>Droit de restreindre le traitement<\/strong>: Vous pouvez nous demander de limiter le traitement de vos donn\u00e9es dans des situations sp\u00e9cifiques.<\/li>\n\n\n\n<li><strong>Droit \u00e0 la portabilit\u00e9 des donn\u00e9es<\/strong>: Vous pouvez demander une copie de vos donn\u00e9es dans un format structur\u00e9 et couramment utilis\u00e9.<\/li>\n\n\n\n<li><strong>Droit d'opposition<\/strong>: Vous pouvez vous opposer au traitement de vos donn\u00e9es personnelles dans certaines circonstances.<\/li>\n\n\n\n<li><strong>Droit de retirer son consentement<\/strong>: Si vous nous avez donn\u00e9 votre accord pour traiter vos donn\u00e9es, vous pouvez le retirer \u00e0 tout moment.<\/li>\n<\/ul>\n\n\n\n<p>Pour exercer l'un de ces droits, veuillez nous contacter \u00e0 l'adresse suivante : contact@docgoblin.fr<\/p>\n\n\n\n<h2 class=\"wp-block-heading\">8. S\u00e9curit\u00e9<\/h2>\n\n\n\n<p>Nous nous engageons \u00e0 garantir la s\u00e9curit\u00e9 de vos informations personnelles. Afin d'emp\u00eacher tout acc\u00e8s ou toute divulgation non autoris\u00e9s, nous avons mis en \u0153uvre des proc\u00e9dures physiques, \u00e9lectroniques et de gestion appropri\u00e9es pour sauvegarder et s\u00e9curiser les informations que nous recueillons.<\/p>\n\n\n\n<p>Toutefois, sachez qu'aucune m\u00e9thode de transmission de donn\u00e9es sur l'internet ou de stockage \u00e9lectronique n'est enti\u00e8rement s\u00fbre et que nous ne pouvons pas garantir la s\u00e9curit\u00e9 absolue de vos donn\u00e9es.<\/p>\n\n\n\n<h2 class=\"wp-block-heading\">9. Liens vers des tiers<\/h2>\n\n\n\n<p>Notre site web peut contenir des liens vers des sites web de tiers. Nous ne sommes pas responsables du contenu ou des pratiques en mati\u00e8re de protection de la vie priv\u00e9e de ces sites web. Nous vous encourageons \u00e0 consulter les politiques de confidentialit\u00e9 des sites web de tiers que vous visitez.<\/p>\n\n\n\n<h2 class=\"wp-block-heading\">10. Modifications de la pr\u00e9sente politique de protection de la vie priv\u00e9e<\/h2>\n\n\n\n<p>Nous pouvons mettre \u00e0 jour la pr\u00e9sente politique de confidentialit\u00e9 de temps \u00e0 autre. Toute modification sera publi\u00e9e sur cette page et la date d'entr\u00e9e en vigueur des modifications sera indiqu\u00e9e en haut de cette page. Nous vous encourageons \u00e0 consulter r\u00e9guli\u00e8rement cette page pour obtenir les derni\u00e8res informations sur nos pratiques en mati\u00e8re de protection de la vie priv\u00e9e.<\/p>\n\n\n\n<h2 class=\"wp-block-heading\">11. Nous contacter<\/h2>\n\n\n\n<p>Si vous avez des questions ou des pr\u00e9occupations concernant la pr\u00e9sente politique de confidentialit\u00e9 ou la mani\u00e8re dont nous traitons vos donn\u00e9es \u00e0 caract\u00e8re personnel, veuillez nous contacter \u00e0 l'adresse suivante :<\/p>\n\n\n\n<p><strong>DocGoblin<\/strong><br>Courriel : contact@docgoblin.fr<\/p>\n\n\n\n<p><\/p>","protected":false},"excerpt":{"rendered":"<p>Privacy Policy for DocGoblin Last Updated: 2024-09-14 1. Introduction At DocGoblin (&#8220;we&#8221;, &#8220;us&#8221;, or &#8220;our&#8221;), we are committed to safeguarding [&hellip;]<\/p>\n","protected":false},"author":1,"featured_media":0,"parent":0,"menu_order":0,"comment_status":"closed","ping_status":"closed","template":"","meta":{"_uag_custom_page_level_css":"","site-sidebar-layout":"default","site-content-layout":"","ast-site-content-layout":"default","site-content-style":"default","site-sidebar-style":"default","ast-global-header-display":"","ast-banner-title-visibility":"","ast-main-header-display":"","ast-hfb-above-header-display":"","ast-hfb-below-header-display":"","ast-hfb-mobile-header-display":"","site-post-title":"","ast-breadcrumbs-content":"","ast-featured-img":"","footer-sml-layout":"","ast-disable-related-posts":"","theme-transparent-header-meta":"","adv-header-id-meta":"","stick-header-meta":"","header-above-stick-meta":"","header-main-stick-meta":"","header-below-stick-meta":"","astra-migrate-meta-layouts":"default","ast-page-background-enabled":"default","ast-page-background-meta":{"desktop":{"background-color":"var(--ast-global-color-4)","background-image":"","background-repeat":"repeat","background-position":"center center","background-size":"auto","background-attachment":"scroll","background-type":"","background-media":"","overlay-type":"","overlay-color":"","overlay-opacity":"","overlay-gradient":""},"tablet":{"background-color":"","background-image":"","background-repeat":"repeat","background-position":"center center","background-size":"auto","background-attachment":"scroll","background-type":"","background-media":"","overlay-type":"","overlay-color":"","overlay-opacity":"","overlay-gradient":""},"mobile":{"background-color":"","background-image":"","background-repeat":"repeat","background-position":"center center","background-size":"auto","background-attachment":"scroll","background-type":"","background-media":"","overlay-type":"","overlay-color":"","overlay-opacity":"","overlay-gradient":""}},"ast-content-background-meta":{"desktop":{"background-color":"var(--ast-global-color-5)","background-image":"","background-repeat":"repeat","background-position":"center center","background-size":"auto","background-attachment":"scroll","background-type":"","background-media":"","overlay-type":"","overlay-color":"","overlay-opacity":"","overlay-gradient":""},"tablet":{"background-color":"var(--ast-global-color-5)","background-image":"","background-repeat":"repeat","background-position":"center center","background-size":"auto","background-attachment":"scroll","background-type":"","background-media":"","overlay-type":"","overlay-color":"","overlay-opacity":"","overlay-gradient":""},"mobile":{"background-color":"var(--ast-global-color-5)","background-image":"","background-repeat":"repeat","background-position":"center center","background-size":"auto","background-attachment":"scroll","background-type":"","background-media":"","overlay-type":"","overlay-color":"","overlay-opacity":"","overlay-gradient":""}},"footnotes":""},"class_list":["post-628","page","type-page","status-publish","hentry"],"uagb_featured_image_src":{"full":false,"thumbnail":false,"medium":false,"medium_large":false,"large":false,"1536x1536":false,"2048x2048":false,"trp-custom-language-flag":false,"woocommerce_thumbnail":false,"woocommerce_single":false,"woocommerce_gallery_thumbnail":false},"uagb_author_info":{"display_name":"DevGoblin","author_link":"https:\/\/www.docgoblin.com\/fr\/author\/jtroudet_docgoblin\/"},"uagb_comment_info":0,"uagb_excerpt":"Privacy Policy for DocGoblin Last Updated: 2024-09-14 1. Introduction At DocGoblin (&#8220;we&#8221;, &#8220;us&#8221;, or &#8220;our&#8221;), we are committed to safeguarding [&hellip;]","_links":{"self":[{"href":"https:\/\/www.docgoblin.com\/fr\/wp-json\/wp\/v2\/pages\/628","targetHints":{"allow":["GET"]}}],"collection":[{"href":"https:\/\/www.docgoblin.com\/fr\/wp-json\/wp\/v2\/pages"}],"about":[{"href":"https:\/\/www.docgoblin.com\/fr\/wp-json\/wp\/v2\/types\/page"}],"author":[{"embeddable":true,"href":"https:\/\/www.docgoblin.com\/fr\/wp-json\/wp\/v2\/users\/1"}],"replies":[{"embeddable":true,"href":"https:\/\/www.docgoblin.com\/fr\/wp-json\/wp\/v2\/comments?post=628"}],"version-history":[{"count":1,"href":"https:\/\/www.docgoblin.com\/fr\/wp-json\/wp\/v2\/pages\/628\/revisions"}],"predecessor-version":[{"id":629,"href":"https:\/\/www.docgoblin.com\/fr\/wp-json\/wp\/v2\/pages\/628\/revisions\/629"}],"wp:attachment":[{"href":"https:\/\/www.docgoblin.com\/fr\/wp-json\/wp\/v2\/media?parent=628"}],"curies":[{"name":"wp","href":"https:\/\/api.w.org\/{rel}","templated":true}]}}