{"id":687,"date":"2024-09-17T23:07:36","date_gmt":"2024-09-17T21:07:36","guid":{"rendered":"https:\/\/www.docgoblin.com\/?page_id=687"},"modified":"2024-09-22T20:13:59","modified_gmt":"2024-09-22T18:13:59","slug":"advanced-search","status":"publish","type":"page","link":"https:\/\/www.docgoblin.com\/fr\/advanced-search\/","title":{"rendered":"Recherche avanc\u00e9e"},"content":{"rendered":"<div class=\"wp-block-uagb-container uagb-block-fa2f1646 alignfull uagb-is-root-container\">\r\n<div class=\"uagb-container-inner-blocks-wrap\">\r\n<div class=\"wp-block-uagb-advanced-heading uagb-block-d7c7726a\">\r\n<h1 class=\"uagb-heading-text\">Recherche avanc\u00e9e<\/h1>\r\n<\/div>\r\n<\/div>\r\n<\/div>\r\n\r\n\r\n\r\n<p class=\"translation-block\">La recherche DocGoblin utilise le moteur de recherche open source <a href=\"http:\/\/lucene.apache.org\" target=\"_self\">Apache Lucene<\/a> et vous permet d'utiliser toutes les options offertes par ce dernier.<\/p>\r\n\r\n\r\n\r\n<p>En plus des recherches simples consistant en une s\u00e9rie de un ou plusieurs mots, il est donc possible d'ajouter des op\u00e9rateurs \u00e0 votre recherche afin d'obtenir des r\u00e9sultats plus cibl\u00e9s, d'exclure certains mots, de donner plus d'importance \u00e0 d'autres ou encore de rechercher des phrases enti\u00e8res. Ces op\u00e9rateurs peuvent s'appliquer \u00e0 n'importe quel \u00e9l\u00e9ment ou groupe d'\u00e9l\u00e9ments de votre recherche.<\/p>\r\n\r\n\r\n\r\n<h2 class=\"wp-block-heading\">Op\u00e9rateurs logiques<\/h2>\r\n\r\n\r\n\r\n<h3 class=\"wp-block-heading\">Pr\u00e9fixes + et -<\/h3>\r\n\r\n\r\n\r\n<p>Si vous vous contentez de saisir des mots dans le champ de requ\u00eate et que vous n'utilisez aucun des op\u00e9rateurs de recherche, vous indiquez que vous souhaitez voir tous les r\u00e9sultats qui comportent l'un de ces mots.<\/p>\r\n\r\n\r\n\r\n<p class=\"translation-block\"><strong>Exemple : <\/strong>La recherche <code>gobelin humain<\/code> renverra toutes les pages qui contiennent le mot <code>gobelin<\/code> ou le mot <code>humain<\/code> ou les deux.<\/p>\r\n\r\n\r\n\r\n<p class=\"translation-block\">Afin d'affiner votre recherche, utilisez <code>+<\/code> pour garantir qu'un mot apparaisse dans le r\u00e9sultat, et <code>-<\/code> pour exclure tous les r\u00e9sultats qui contiennent cet \u00e9l\u00e9ment. Vous pouvez appliquer ces pr\u00e9fixes \u00e0 seulement certains \u00e9l\u00e9ment de votre recherche ou bien \u00e0 tous en fonction de vos besoins.<\/p>\r\n\r\n\r\n\r\n<p class=\"translation-block\"><strong>Exemple : <\/strong>La recherche <code>+gobelin +humain<\/code> trouvera toutes les pages o\u00f9 se trouvent \u00e0 la fois le mot <code>gobelin<\/code> et le mot <code>humain<\/code>.\n<br>\n<strong>Exemple : <\/strong>La recherche <code>+gobelin -humain<\/code> trouvera des r\u00e9sultats avec <code>gobelin<\/code> qui ne comportent pas le mot <code>humain<\/code>.<\/p>\r\n\r\n\r\n\r\n<h3 class=\"wp-block-heading\">Op\u00e9rateurs bool\u00e9en<\/h3>\r\n\r\n\r\n\r\n<p>Les op\u00e9rateurs bool\u00e9ens sont une autre mani\u00e8re de modifier votre recherche et d'affinner les r\u00e9sultats.<\/p>\r\n\r\n\r\n\r\n<p class=\"translation-block\">Les op\u00e9rateurs suivants sont disponibles: <code>AND<\/code>, <code>OR<\/code> et <code>NOT<\/code>. Ils ont une logique assez proche des pr\u00e9fixes <code>+<\/code> et <code>-<\/code>.<\/p>\r\n\r\n\r\n\r\n<p class=\"translation-block\"><strong>Exemple : <\/strong>Si vous recherchez <code>gobelin AND humain<\/code>, vous obtiendrez des r\u00e9ponses avec <code>gobelin<\/code> et <code>humain<\/code>, mais aucune avec seulement l'un des deux. Cela correspond \u00e0 <code>+gobelin +humain<\/code>.<br>\n<strong>Exemple : <\/strong>Si vous cherchez <code>gobelin OR humain<\/code>, cela revient \u00e0 chercher simplement <code>gobelin humain<\/code> et donc vous obtiendrez des r\u00e9sultats qui comportent l'un ou l'autre ou les deux.<br>\n<strong>Exemple : <\/strong>Si vous cherchez <code>gobelin NOT humain<\/code>, cela \u00e9quivaut \u00e0 chercher <code>gobelin -humain<\/code>. Vous n'obtiendrez que des r\u00e9sulats qui contiennent <code>gobelin<\/code> et ne contiennent pas <code>humain<\/code><\/p>\r\n\r\n\r\n\r\n<h3 class=\"wp-block-heading\">Groupes<\/h3>\r\n\r\n\r\n\r\n<p>Les pr\u00e9fixes et op\u00e9rateurs bool\u00e9ens sont pratiques pour affiner vos recherches, mais ils sont encore plus puissants lorsqu'ils sont utilis\u00e9 de pair avec des parenth\u00e8ses pour grouper vos \u00e9l\u00e9ments de recherche.<\/p>\r\n\r\n\r\n\r\n<p class=\"translation-block\"><strong>Exemple : <\/strong>Si vous recherchez <code>(gobelin AND orc) OR (humain AND nain)<\/code> vous obtiendrez des r\u00e9sultats qui comportent les mots <code>gobelin<\/code> et <code>orc<\/code> ensembles ou des r\u00e9sultats qui comportent les mots <code>humain<\/code> et <code>nain<\/code> ensembles, ou bien les deux. Avec les pr\u00e9fixes on peut aussi reformuler la recherche de la mani\u00e8re suivante pour avoir les m\u00eames r\u00e9sultats : <code>(+gobelin +orc) OR (+humain +nain)<\/code>.<br>\n<strong>Exemple : <\/strong>Si vous recherchez <code>(gobelin AND orc) NOT humain<\/code> vous obtiendrez des r\u00e9sultats qui comportent les mots <code>gobelin<\/code> et <code>orc<\/code> mais qui ne contiennent pas le mot <code>humain<\/code>. La m\u00eame recherche avec les pr\u00e9fixes s'\u00e9crit de la mani\u00e8re suivante : <code>+gobelin +orc -humain<\/code>.<\/p>\r\n\r\n\r\n\r\n<h2 class=\"wp-block-heading\">Recherche de phrase<\/h2>\r\n\r\n\r\n\r\n<p>Il est possible que vous souhaitiez rechercher une phrase ou encore une suite de caract\u00e8res qui ne sont pas reconnus comme un seul mot par le moteur de recherche. Pour r\u00e9aliser ce type de recherche il faut placez entre guillemets : <code>\"<\/code>, la phrase que vous souhaitez trouver. <code>\"<\/code>.<\/p>\r\n\r\n\r\n\r\n<p class=\"translation-block\"><strong>Exemple : <\/strong>La recherche <code>\"il \u00e9tait une fois\"<\/code> trouvera tous les r\u00e9sultats qui comportent exactement cette phrase.<\/p>\r\n\r\n\r\n\r\n<p class=\"translation-block\">Il est bien sur possible d'utiliser les pr\u00e9fixes <code>+<\/code> et <code>-<\/code> ainsi que les op\u00e9rateurs bool\u00e9en et les groupes avec ces phrases.<\/p>\r\n\r\n\r\n\r\n<h2 class=\"wp-block-heading\">Recherches floues<\/h2>\r\n\r\n\r\n\r\n<p class=\"translation-block\">Pour certaines recherches il est possible de souhaiter une certaine flexibilit\u00e9 dans les termes de la recherche. Par exemple on peut vouloir trouver des variations l\u00e9g\u00e8res d'un mot, pour cel\u00e0 vous pouvez utiliser une recherche floue avec un tilde <code>~<\/code> et un nombre qui correspond au nombre de diff\u00e9rences de lettres tol\u00e9r\u00e9es : <code>alternative~3<\/code>.<\/p>\r\n\r\n\r\n\r\n<p class=\"translation-block\"><strong>Exemple : <\/strong>La recherche <code>gobelin~3<\/code> trouvera des r\u00e9sulats qui contiennent des mots proches de gobelins comme par exemple <code>gobelin<\/code>, <code>gobelins<\/code> et <code>gobelet<\/code>.<\/p>\r\n\r\n\r\n\r\n<h2 class=\"wp-block-heading\">Recherches de proximit\u00e9<\/h2>\r\n\r\n\r\n\r\n<p class=\"translation-block\">Si vous souhaitez trouver des mots proches les uns des autres, utilisez une recherche de proximit\u00e9 en ajoutant un tilde <code>~<\/code> et un nombre apr\u00e8s une phrase entre guillemets :  <code>\"fromage charcuterie\"~3<\/code>.<\/p>\r\n\r\n\r\n\r\n<p class=\"translation-block\"><strong>Exemple : <\/strong> La recherche <code>\"fromage charcuterie\"~3<\/code> trouvera des documents qui contiennent ces termes avec 3 mots ou moins de distance entre eux. Par exemple on trouvera la phrase <code>J'aime le fromage et la charcuterie.<\/code><\/p>\r\n\r\n\r\n\r\n<h2 class=\"wp-block-heading\">Priorisation de termes<\/h2>\r\n\r\n\r\n\r\n<p>Enfin pour affiner votre recherche de mani\u00e8re encore plus pr\u00e9cise il vous est possible d'assigner des priorit\u00e9s \u00e0 certains termes. Cette priorit\u00e9 vas donner plus d'importance \u00e0 ces termes dans la recherche. C'est particuli\u00e8rement utile lorsque vous avez beaucoup de r\u00e9sultats et que vous souhaitez avoir dans les premiers r\u00e9sultats certains termes.<\/p>\r\n\r\n\r\n\r\n<p class=\"translation-block\"><strong>Exemple : <\/strong>Si vous utilisez la recherche suivante : <code>gobelin humain^3<\/code> alors la recherche donnera trois fois plus d'importance au terme <code>humain<\/code> qu'elle n'en donne au terme <code>gobelin<\/code>.<\/p>","protected":false},"excerpt":{"rendered":"<p>Advanced search The DocGoblin search engine uses the open-source Apache Lucene search engine, allowing you to use all the options [&hellip;]<\/p>\n","protected":false},"author":1,"featured_media":0,"parent":0,"menu_order":0,"comment_status":"closed","ping_status":"closed","template":"","meta":{"_uag_custom_page_level_css":"","site-sidebar-layout":"default","site-content-layout":"","ast-site-content-layout":"default","site-content-style":"default","site-sidebar-style":"default","ast-global-header-display":"","ast-banner-title-visibility":"","ast-main-header-display":"","ast-hfb-above-header-display":"","ast-hfb-below-header-display":"","ast-hfb-mobile-header-display":"","site-post-title":"disabled","ast-breadcrumbs-content":"","ast-featured-img":"","footer-sml-layout":"","ast-disable-related-posts":"","theme-transparent-header-meta":"default","adv-header-id-meta":"","stick-header-meta":"","header-above-stick-meta":"","header-main-stick-meta":"","header-below-stick-meta":"","astra-migrate-meta-layouts":"set","ast-page-background-enabled":"default","ast-page-background-meta":{"desktop":{"background-color":"var(--ast-global-color-4)","background-image":"","background-repeat":"repeat","background-position":"center center","background-size":"auto","background-attachment":"scroll","background-type":"","background-media":"","overlay-type":"","overlay-color":"","overlay-opacity":"","overlay-gradient":""},"tablet":{"background-color":"","background-image":"","background-repeat":"repeat","background-position":"center center","background-size":"auto","background-attachment":"scroll","background-type":"","background-media":"","overlay-type":"","overlay-color":"","overlay-opacity":"","overlay-gradient":""},"mobile":{"background-color":"","background-image":"","background-repeat":"repeat","background-position":"center center","background-size":"auto","background-attachment":"scroll","background-type":"","background-media":"","overlay-type":"","overlay-color":"","overlay-opacity":"","overlay-gradient":""}},"ast-content-background-meta":{"desktop":{"background-color":"var(--ast-global-color-5)","background-image":"","background-repeat":"repeat","background-position":"center center","background-size":"auto","background-attachment":"scroll","background-type":"","background-media":"","overlay-type":"","overlay-color":"","overlay-opacity":"","overlay-gradient":""},"tablet":{"background-color":"var(--ast-global-color-5)","background-image":"","background-repeat":"repeat","background-position":"center center","background-size":"auto","background-attachment":"scroll","background-type":"","background-media":"","overlay-type":"","overlay-color":"","overlay-opacity":"","overlay-gradient":""},"mobile":{"background-color":"var(--ast-global-color-5)","background-image":"","background-repeat":"repeat","background-position":"center center","background-size":"auto","background-attachment":"scroll","background-type":"","background-media":"","overlay-type":"","overlay-color":"","overlay-opacity":"","overlay-gradient":""}},"footnotes":""},"class_list":["post-687","page","type-page","status-publish","hentry"],"uagb_featured_image_src":{"full":false,"thumbnail":false,"medium":false,"medium_large":false,"large":false,"1536x1536":false,"2048x2048":false,"trp-custom-language-flag":false,"woocommerce_thumbnail":false,"woocommerce_single":false,"woocommerce_gallery_thumbnail":false},"uagb_author_info":{"display_name":"DevGoblin","author_link":"https:\/\/www.docgoblin.com\/fr\/author\/jtroudet_docgoblin\/"},"uagb_comment_info":0,"uagb_excerpt":"Advanced search The DocGoblin search engine uses the open-source Apache Lucene search engine, allowing you to use all the options [&hellip;]","_links":{"self":[{"href":"https:\/\/www.docgoblin.com\/fr\/wp-json\/wp\/v2\/pages\/687","targetHints":{"allow":["GET"]}}],"collection":[{"href":"https:\/\/www.docgoblin.com\/fr\/wp-json\/wp\/v2\/pages"}],"about":[{"href":"https:\/\/www.docgoblin.com\/fr\/wp-json\/wp\/v2\/types\/page"}],"author":[{"embeddable":true,"href":"https:\/\/www.docgoblin.com\/fr\/wp-json\/wp\/v2\/users\/1"}],"replies":[{"embeddable":true,"href":"https:\/\/www.docgoblin.com\/fr\/wp-json\/wp\/v2\/comments?post=687"}],"version-history":[{"count":4,"href":"https:\/\/www.docgoblin.com\/fr\/wp-json\/wp\/v2\/pages\/687\/revisions"}],"predecessor-version":[{"id":807,"href":"https:\/\/www.docgoblin.com\/fr\/wp-json\/wp\/v2\/pages\/687\/revisions\/807"}],"wp:attachment":[{"href":"https:\/\/www.docgoblin.com\/fr\/wp-json\/wp\/v2\/media?parent=687"}],"curies":[{"name":"wp","href":"https:\/\/api.w.org\/{rel}","templated":true}]}}